{"id":123631,"date":"2022-09-15T09:38:27","date_gmt":"2022-09-15T02:38:27","guid":{"rendered":"https:\/\/vietnamesim.com\/datenschutzerklaerung\/"},"modified":"2026-04-14T10:47:46","modified_gmt":"2026-04-14T03:47:46","slug":"datenschutzrichtlinie","status":"publish","type":"page","link":"https:\/\/vietnamesim.com\/de\/datenschutzrichtlinie\/","title":{"rendered":"Datenschutzerkl\u00e4rung"},"content":{"rendered":"\n<p><strong>Der Datenschutz liegt uns am Herzen<\/strong><\/p>\n\n\n\n<p>Mit der Erstellung dieser <a href=\"https:\/\/vietnamesim.com\/de\/datenschutzerklaerung\/\">Datenschutzerkl\u00e4rung<\/a> von <a href=\"https:\/\/vietnamesim.com\/de\/\">Vietnamesim.com<\/a>, einer Tochtergesellschaft von <a href=\"https:\/\/gigago.vn\/\" target=\"_blank\" rel=\"noopener\">Gigago.vn<\/a>, verpflichten wir uns, die Privatsph\u00e4re unserer Nutzer und Kunden zu sch\u00fctzen und zu wahren und die Vertraulichkeit der von ihnen bereitgestellten Informationen zu gew\u00e4hrleisten. Mit der Bestellung einer Vietnam-eSIM bei Gigago erkl\u00e4ren Sie sich mit den folgenden Bedingungen unserer Datenschutzerkl\u00e4rung einverstanden.<\/p>\n\n\n\n<h2 class=\"wp-block-heading\"><strong>1. Zweck der Datenerhebung<\/strong><\/h2>\n\n\n\n<p>Wir verwenden die erhobenen Daten f\u00fcr verschiedene gesch\u00e4ftliche Zwecke, darunter:<\/p>\n\n\n\n<ul class=\"wp-block-list\">\n<li>Abwicklung von Transaktionen und Rechnungsstellung f\u00fcr unsere Produkte;<\/li>\n\n\n\n<li>Beantwortung Ihrer Anfragen nach Dienstleistungen oder Support;<\/li>\n\n\n\n<li>Vorausschauende Erkennung und L\u00f6sung tats\u00e4chlicher und potenzieller Probleme mit unseren Produkten;<\/li>\n\n\n\n<li>Entwicklung und Verbesserung von Produkten;<\/li>\n\n\n\n<li>Empfehlung weiterer Produkte oder Dienstleistungen;<\/li>\n\n\n\n<li>interne unternehmerische Entscheidungen \u00fcber aktuelle und k\u00fcnftige Leistungen zu treffen;<\/li>\n\n\n\n<li>Bereitstellung personalisierter Dienstleistungen und Erlebnisse;<\/li>\n\n\n\n<li>den Schutz unserer Rechte und unseres Eigentums; und<\/li>\n\n\n\n<li>Um Sie \u00fcber weitere Dienstleistungen von Gigago zu informieren.<\/li>\n<\/ul>\n\n\n\n<p>Alle von Ihnen angegebenen Informationen sind vollst\u00e4ndig gesichert und vor unbefugtem Zugriff gesch\u00fctzt. Ihre personenbezogenen Daten werden niemals an Dritte weitergegeben, es sei denn, Sie erteilen uns Ihre Zustimmung dazu.<\/p>\n\n\n\n<h2 class=\"wp-block-heading\"><strong>2. Erfasste Informationen<\/strong><\/h2>\n\n\n\n<p>Wir treffen Ma\u00dfnahmen, um sicherzustellen, dass die von Ihnen bereitgestellten Informationen korrekt und vollst\u00e4ndig erfasst werden. Wir unterst\u00fctzen Sie dabei, die von Ihnen bereitgestellten Informationen gegebenenfalls zu korrigieren und zu \u00e4ndern.<\/p>\n\n\n\n<p><b>a. Personenbezogene Daten<\/b>, <b>die auf dieser Website von\/\u00fcber Kunden erhoben werden<\/b><\/p>\n\n\n\n<p>Wenn Sie die eSIM auf Gigago.vn kaufen, erfassen wir folgende personenbezogene Daten von Ihnen:<\/p>\n\n\n\n<ul class=\"wp-block-list\">\n<li>Ihr Name:<\/li>\n\n\n\n<li>Ihre E-Mail-Adresse:<\/li>\n\n\n\n<li>Ihre Telefonnummer:<\/li>\n\n\n\n<li>Ihre Adresse:<\/li>\n<\/ul>\n\n\n\n<p><strong>b. Auf dieser Website erfasste nicht personenbezogene Daten<\/strong><\/p>\n\n\n\n<p>Wir erfassen und speichern in unseren Serverprotokollen nicht personenbezogene Daten, darunter unter anderem den Browsertyp, die IP-Adresse, das Betriebssystem, Datum und Uhrzeit der Besuche, die auf der Website aufgerufenen Seiten, die Verweildauer auf der Website sowie wiederholte Besuche der Website.<\/p>\n\n\n\n<p>Wir nutzen au\u00dferdem Google Analytics, einen Dienst, der nicht personenbezogene Daten erfasst, wie z. B. Browsertyp, Betriebssystem, Datum und Uhrzeit des Besuchs, Herkunft der Besucher, die auf dieser Website besuchten Seiten, die Verweildauer auf der Website, wohin die Besucher nach dem Verlassen der Website weitergeleitet wurden sowie wiederholte Besuche auf der Website.<\/p>\n\n\n\n<p>Wir aggregieren diese nicht personenbezogenen Daten, um besser zu verstehen, wie Besucher unsere Website nutzen, und um die Verwaltung, Wartung und Auswertung der Nutzung unserer Website zu erleichtern.<\/p>\n\n\n\n<p>Wir k\u00f6nnen diese nicht personenbezogenen Daten an Dritte weitergeben, und zwar ausschlie\u00dflich zum Zweck der Erstellung von Berichten \u00fcber die Nutzung unserer Website oder zur Einhaltung geltender Gesetze.<\/p>\n\n\n\n<p>Wir vermieten, verkaufen oder geben keine auf dieser Website erhobenen, nicht personenbezogenen Daten an Dritte weiter, einschlie\u00dflich Google, f\u00fcr Marketingzwecke wie beispielsweise Remarketing.<\/p>\n\n\n\n<p><strong>c. Finanztransaktionen<\/strong><\/p>\n\n\n\n<p>Kreditkartenzahlungen werden \u00fcber einen der gro\u00dfen externen Kreditkartenabwicklungsdienstleister abgewickelt. Alle Ihre Daten werden verschl\u00fcsselt und ausschlie\u00dflich zur Abwicklung der entsprechenden Transaktionen verwendet. In unserer Datenbank werden lediglich die letzten vier Ziffern Ihrer Kreditkarte gespeichert, um den Verifizierungs- und Genehmigungsprozess abzuschlie\u00dfen.<\/p>\n\n\n\n<p><strong>d. Cookies<\/strong><\/p>\n\n\n\n<p>Gigago.vn verwendet Cookies, um unsere Kunden zu erkennen, wenn sie unsere Website besuchen. Dadurch k\u00f6nnen wir das Nutzererlebnis auf unserer Website individuell anpassen. M\u00f6glicherweise m\u00fcssen Sie Cookies in dem von Ihnen verwendeten Browser \u201eaktivieren\u201c oder zulassen, um sich registrieren zu k\u00f6nnen. Wenn Sie sich jedoch daf\u00fcr entscheiden, Cookies zu deaktivieren, k\u00f6nnen Sie die Website weiterhin nutzen. Cookies speichern keine personenbezogenen Daten. Alle Informationen werden streng vertraulich behandelt und niemals verkauft oder an Dritte weitergegeben.<\/p>\n\n\n\n<p><strong>e. Systeminformationen<\/strong><\/p>\n\n\n\n<p>Gigago.vn beh\u00e4lt sich das Recht vor, Informationen wie IP-Adresse, Browsertyp oder Betriebssystemtyp zu erfassen und zu speichern. Alle diese Informationen werden streng vertraulich behandelt und ausschlie\u00dflich f\u00fcr Zwecke der Systemadministration verwendet. Diese Informationen dienen der Fehlerdiagnose sowie der \u00dcberwachung des Datenverkehrs und der Nutzung der Website.<\/p>\n\n\n\n<p><strong>f. E-Mail<\/strong><\/p>\n\n\n\n<p>Gigago.vn informiert seine Mitglieder oder Kunden per E-Mail \u00fcber den eSIM-QR-Code und die Installationsanleitung sowie \u00fcber neue Dienste oder Funktionen. Unsere E-Mail-Liste wird vertraulich behandelt und niemals an Dritte verkauft oder weitergegeben.<\/p>\n\n\n\n<h2 class=\"wp-block-heading\"><strong>3. Dauer der Datenspeicherung<\/strong><\/h2>\n\n\n\n<p>Ihre personenbezogenen Daten werden so lange gespeichert, bis ein Antrag auf L\u00f6schung gestellt wird. Ansonsten werden Ihre personenbezogenen Daten in jedem Fall auf den Servern von Gigago.vn sicher gespeichert.<\/p>\n\n\n\n<h2 class=\"wp-block-heading\"><strong>4. Personen oder Organisationen, die Zugriff auf Ihre Daten haben<\/strong><\/h2>\n\n\n\n<ul class=\"wp-block-list\">\n<li>F\u00fcr unsere Mitarbeiter werden spezielle Abteilungen eingerichtet, die sich w\u00e4hrend der gesamten Nutzungsdauer des Produkts um die Kundenbetreuung k\u00fcmmern.<\/li>\n\n\n\n<li>Bei vernetzten, gemeinsam durchgef\u00fchrten oder ausgelagerten Programmen, die den in Abschnitt 1 genannten Zwecken dienen, gelten stets die Anforderungen an den Schutz personenbezogener Daten.<\/li>\n\n\n\n<li>Gesetzliche Anforderungen: Wir k\u00f6nnen Ihre personenbezogenen Daten offenlegen, wenn dies gesetzlich vorgeschrieben ist und die Offenlegung zur Einhaltung rechtlicher Verfahren angemessen erforderlich ist.<\/li>\n\n\n\n<li>Unternehmens\u00fcbertragung (falls zutreffend): Im Falle einer Fusion, einer Konsolidierung oder einer teilweisen oder vollst\u00e4ndigen \u00dcbertragung an ein anderes Unternehmen erh\u00e4lt der K\u00e4ufer Zugriff auf die von uns gespeicherten Daten, einschlie\u00dflich Ihrer personenbezogenen Daten.<\/li>\n<\/ul>\n\n\n\n<h2 class=\"wp-block-heading\"><strong>5. Anschrift der Stelle, die die Informationen erhebt und verwaltet<\/strong><\/h2>\n\n\n\n<ul class=\"wp-block-list\">\n<li>Firmenname: GIGAGO TRAVEL TECHNOLOGY JOINT STOCK COMPANY<\/li>\n\n\n\n<li>Gegr\u00fcndet und t\u00e4tig unter der Gewerbeanmeldungsnummer 0110075417, ausgestellt vom Amt f\u00fcr Planung und Investitionen der Stadt Hanoi am 27. Juli 2022.<\/li>\n\n\n\n<li>Hauptsitz: 23. Stock, TASCO-Geb\u00e4ude, Grundst\u00fcck HH2-2, Pham-Hung-Stra\u00dfe, Bezirk Me Tri, Nam Tu Liem, Hanoi<\/li>\n<\/ul>\n\n\n\n<h2 class=\"wp-block-heading\"><b><strong>6. Methoden und Werkzeuge f\u00fcr Benutzer zum Abrufen und Bearbeiten von Daten<\/strong><\/b><\/h2>\n\n\n\n<p>Wenn Sie einen Antrag auf Auskunft \u00fcber die von Ihnen bereitgestellten personenbezogenen Daten oder deren Berichtigung stellen m\u00f6chten, haben Sie folgende M\u00f6glichkeiten:<\/p>\n\n\n\n<ul class=\"wp-block-list\">\n<li>Kontaktieren Sie uns direkt \u00fcber unsere WhatsApp-Hotline unter +84876836168<\/li>\n\n\n\n<li>Schreiben Sie uns eine E-Mail an <a href=\"mailto:hello@gigago.vn\">hello@gigago.vn<\/a><\/li>\n<\/ul>\n\n\n\n<h2 class=\"wp-block-heading\"><b><strong>7. Verfahren zur Entgegennahme und Bearbeitung von Verbraucherbeschwerden im Zusammenhang mit dem Missbrauch personenbezogener Daten oder dem gemeldeten Umfang:<\/strong><\/b><\/h2>\n\n\n\n<p>Bei Gigago legen wir gro\u00dfen Wert auf den Schutz Ihrer personenbezogenen Daten. Wir garantieren Ihnen, dass die uns zur Verf\u00fcgung gestellten Daten von Gigago nicht an Dritte weitergegeben, verkauft oder vermietet werden. Gigago verpflichtet sich, Ihre Daten ausschlie\u00dflich f\u00fcr folgende Zwecke zu verwenden:<\/p>\n\n\n\n<ul class=\"wp-block-list\">\n<li>w celu poprawy jako\u015bci obs\u0142ugi klient\u00f3w<\/li>\n\n\n\n<li>zur Beilegung von Streitigkeiten und Beschwerden<\/li>\n\n\n\n<li>Wenn dies gesetzlich vorgeschrieben ist.<\/li>\n<\/ul>\n\n\n\n<p>GIGAGO ist sich bewusst, dass der Schutz Ihrer personenbezogenen Daten auch in unserer Verantwortung liegt. Sollten Sie daher Fragen oder Anmerkungen zu unserer Datenschutzerkl\u00e4rung haben oder feststellen, dass Ihre personenbezogenen Daten f\u00fcr unzul\u00e4ssige Zwecke oder \u00fcber den angegebenen Umfang hinaus verwendet werden, kontaktieren Sie uns bitte \u00fcber unsere Hotline\/WhatsApp unter +84876836168 oder per E-Mail an <a href=\"mailto:hello@gigago.vn\">hello@gigago.vn<\/a>, um direkte Unterst\u00fctzung zu erhalten.<\/p>\n\n\n\n<h2 class=\"wp-block-heading\"><b><strong>8. Sonstige Bestimmungen<\/strong><\/b><\/h2>\n\n\n\n<p>Diese Richtlinie \u00e4ndert oder erg\u00e4nzt keine bestehenden Vereinbarungen, die Sie mit Gigago getroffen haben. Wenn Sie unsere Produkte nutzen oder abonnieren, gelten f\u00fcr Ihre Nutzung, Ihren Kauf oder Ihr Abonnement m\u00f6glicherweise unsere Nutzungsbedingungen sowie bestimmte andere Bestimmungen. Sollte diese Richtlinie im Widerspruch zu einem Teil dieser Bestimmungen und Vereinbarungen stehen, haben diese Bestimmungen und Vereinbarungen im Umfang der Unvereinbarkeit Vorrang.<\/p>\n\n\n\n<h2 class=\"wp-block-heading\"><b><strong>9. \u00c4nderungen dieser Richtlinie<\/strong><\/b><\/h2>\n\n\n\n<p>Wir behalten uns vor, diese Richtlinie zu aktualisieren, wenn wir unsere Vorgehensweisen wesentlich \u00e4ndern oder wenn gesetzliche oder beh\u00f6rdliche \u00c4nderungen dies erfordern. Sollten wir beschlie\u00dfen, personenbezogene Daten auf eine Weise zu verwenden oder weiterzugeben, die wesentlich von den zum Zeitpunkt der Erhebung dieser Daten in dieser Richtlinie dargelegten Bestimmungen abweicht, werden wir Sie dar\u00fcber informieren, indem wir entweder eine Mitteilung an die von Ihnen angegebene E-Mail-Adresse senden oder einen gut sichtbaren Hinweis auf unseren Websites ver\u00f6ffentlichen. Sie sollten diese Richtlinie regelm\u00e4\u00dfig einsehen, um sich \u00fcber die neuesten Informationen und das Datum des Inkrafttretens etwaiger \u00c4nderungen zu informieren.<\/p>\n\n\n\n<h2 class=\"wp-block-heading\"><b><strong>10. Haftungsausschluss<\/strong><\/b><\/h2>\n\n\n\n<p>Die Kommunikation \u00fcber das Internet sowie Transaktionen \u00fcber das Internet unterliegen verschiedenen Sicherheitsrisiken. Gigago haftet in keinem Fall f\u00fcr Sch\u00e4den oder Verluste jeglicher Art \u2013 seien es direkte oder indirekte, zuf\u00e4llige oder Folgesch\u00e4den, besondere oder Strafschadensersatzanspr\u00fcche \u2013, die sich aus der unbefugten Nutzung, \u00c4nderung, L\u00f6schung oder Offenlegung von Informationen \u2013 ob vertraulich oder nicht \u2013 ergeben oder damit in Zusammenhang stehen, die durch unbefugtes Eindringen in das System, sonstige Sicherheitsverletzungen oder Systemausf\u00e4lle verursacht wurden.<\/p>\n\n\n\n<p>Gigago schlie\u00dft hiermit jegliche Gew\u00e4hrleistung in Bezug auf die Hardware und Software aus, die zur Gew\u00e4hrleistung der Sicherheit und zum Betrieb dieser Website verwendet wird, einschlie\u00dflich aller stillschweigenden Gew\u00e4hrleistungen, der Eignung f\u00fcr einen bestimmten Zweck sowie f\u00fcr zuf\u00e4llige, besondere, direkte oder Folgesch\u00e4den.<\/p>\n\n\n\n<p>Dementsprechend haften Gigago, seine F\u00fchrungskr\u00e4fte und Mitarbeiter, Partner, verbundenen Unternehmen, Tochtergesellschaften, Rechtsnachfolger und Abtretungsempf\u00e4nger sowie seine externen Beauftragten weder direkt noch indirekt in irgendeiner Weise Ihnen oder anderen Personen gegen\u00fcber f\u00fcr Ungenauigkeiten, Missbrauch, Fehler, das Abfangen durch Dritte, Viren oder Hackerangriffe, die zu einem Verlust von Daten oder Dienstleistungen f\u00fchren, einschlie\u00dflich, aber nicht beschr\u00e4nkt auf Fehler oder Unterbrechungen bei der \u00dcbertragung oder Bereitstellung von Dienstleistungen.<\/p>\n\n\n\n<p>Gigago enth\u00e4lt Links zu anderen Websites. Diese Links dienen ausschlie\u00dflich zu Informationszwecken und sollen Ihnen helfen, andere Internetressourcen zu finden. Daher \u00fcbernehmen wir keine Verantwortung f\u00fcr die Datenschutzpraktiken oder die Inhalte dieser Websites.<\/p>\n\n\n\n<h2 class=\"wp-block-heading\"><b><strong>11. Zusammenfassung<\/strong><\/b><\/h2>\n\n\n\n<p>Durch den Zugriff auf diese Website und die Nutzung ihrer Dienste erkl\u00e4ren Sie sich vorbehaltlos mit den Bestimmungen dieser Datenschutzerkl\u00e4rung und unseren Nutzungsbedingungen einverstanden. Sie verpflichten sich, die Bestimmungen einzuhalten, die die Nutzung dieser Website und ihrer Dienste regeln und die auch f\u00fcr alle von Ihnen und anderen Nutzern von Gigago.vn bereitgestellten Informationen gelten. Wenn Sie mit allen oder einzelnen Bestimmungen dieser Datenschutzerkl\u00e4rung nicht einverstanden sind, nutzen Sie diese Website bitte nicht.<\/p>\n\n\n\n<p>Gigago beh\u00e4lt sich das Recht vor, die Datenschutzerkl\u00e4rung jederzeit und ohne vorherige Ank\u00fcndigung zu \u00e4ndern. Wir empfehlen unseren Nutzern und Kunden daher, die Datenschutzerkl\u00e4rung zu lesen, bevor sie auf andere Seiten dieser Website zugreifen.<\/p>\n\n\n\n<p>Sollten Sie Fragen zu dieser Datenschutzerkl\u00e4rung haben, wenden Sie sich bitte an uns unter <a href=\"mailto:hello@gigago.vn\">hello@gigago.vn<\/a>.<\/p>\n","protected":false},"excerpt":{"rendered":"<p>Der Datenschutz liegt uns am Herzen Mit der Erstellung dieser Datenschutzerkl\u00e4rung von Vietnamesim.com, einer Tochtergesellschaft von Gigago.vn, verpflichten wir uns, die Privatsph\u00e4re unserer Nutzer und Kunden zu sch\u00fctzen und zu wahren und die Vertraulichkeit der von ihnen bereitgestellten Informationen zu gew\u00e4hrleisten. Mit der Bestellung einer Vietnam-eSIM bei Gigago erkl\u00e4ren Sie sich mit den folgenden Bedingungen [&#8230;]\n","protected":false},"author":4,"featured_media":0,"parent":0,"menu_order":0,"comment_status":"closed","ping_status":"closed","template":"","meta":{"_acf_changed":false,"inline_featured_image":false,"footnotes":""},"class_list":["post-123631","page","type-page","status-publish","hentry"],"acf":[],"_links":{"self":[{"href":"https:\/\/vietnamesim.com\/de\/wp-json\/wp\/v2\/pages\/123631","targetHints":{"allow":["GET"]}}],"collection":[{"href":"https:\/\/vietnamesim.com\/de\/wp-json\/wp\/v2\/pages"}],"about":[{"href":"https:\/\/vietnamesim.com\/de\/wp-json\/wp\/v2\/types\/page"}],"author":[{"embeddable":true,"href":"https:\/\/vietnamesim.com\/de\/wp-json\/wp\/v2\/users\/4"}],"replies":[{"embeddable":true,"href":"https:\/\/vietnamesim.com\/de\/wp-json\/wp\/v2\/comments?post=123631"}],"version-history":[{"count":2,"href":"https:\/\/vietnamesim.com\/de\/wp-json\/wp\/v2\/pages\/123631\/revisions"}],"predecessor-version":[{"id":125053,"href":"https:\/\/vietnamesim.com\/de\/wp-json\/wp\/v2\/pages\/123631\/revisions\/125053"}],"wp:attachment":[{"href":"https:\/\/vietnamesim.com\/de\/wp-json\/wp\/v2\/media?parent=123631"}],"curies":[{"name":"wp","href":"https:\/\/api.w.org\/{rel}","templated":true}]}}