{"id":123623,"date":"2022-09-13T02:14:27","date_gmt":"2022-09-12T19:14:27","guid":{"rendered":"https:\/\/vietnamesim.com\/so-installieren-sie-eine-esim-auf-einem-iphone-samsung-oder-pixel-und-aktivieren-sie-fuer-ihre-reise-nach-vietnam\/"},"modified":"2026-04-15T09:38:37","modified_gmt":"2026-04-15T02:38:37","slug":"wie-man-esim-aktiviert","status":"publish","type":"page","link":"https:\/\/vietnamesim.com\/de\/wie-man-esim-aktiviert\/","title":{"rendered":"So installieren Sie eine eSIM auf einem iPhone, Samsung oder Pixel und aktivieren sie f\u00fcr Ihre Reise nach Vietnam"},"content":{"rendered":"<p><em>Erfahren Sie, wie Sie die eSIM in Vietnam f\u00fcr iPhone-, Samsung- und Google Pixel-Ger\u00e4te aktivieren k\u00f6nnen. Sie m\u00fcssen lediglich einen QR-Code oder einen Aktivierungscode bereithalten, den Sie von Ihrem eSIM-Anbieter erhalten haben, und schon ist alles in 3\u20135 Minuten erledigt.<\/em><\/p>\n<p>Nach dem Kauf Ihrer eSIM erhalten Sie eine E-Mail von Ihrem eSIM-Anbieter, die Informationen zum eSIM-Profil enth\u00e4lt: einen QR-Code, die SM-DP+-Adresse, den Aktivierungscode sowie einige zus\u00e4tzliche Hinweise zur Nutzung der eSIM.<\/p>\n<p>Lassen Sie uns nun gemeinsam lernen, wie Sie die eSIM installieren und aktivieren. Diese Anleitung gilt nicht nur f\u00fcr eSIMs von <a href=\"https:\/\/vietnamesim.com\/de\/\">Vietnamesim.com<\/a> (einem Mitglied von Gigago.com), sondern auch f\u00fcr eSIMs in anderen L\u00e4ndern weltweit.<\/p>\n<p><b>Hier erfahren Sie:<\/b><\/p>\n<ul>\n<li>Was Sie vor der Installation der eSIM vorbereiten m\u00fcssen<\/li>\n<li>Schritte zur Installation einer eSIM<\/li>\n<li>Schritte zur Aktivierung der eSIM f\u00fcr die Nutzung in Vietnam<\/li>\n<\/ul>\n<h3><strong>Gut zu wissen, bevor Sie beginnen:<\/strong><\/h3>\n<ul>\n<li>Die Einrichtung dauert in der Regel etwa 2\u20133 Minuten.<\/li>\n<li>Wenn Sie ein 5G-f\u00e4higes Smartphone verwenden und f\u00fcr Ihre Reise nach Vietnam eine reine Daten-eSIM nutzen m\u00f6chten, m\u00fcssen Sie m\u00f6glicherweise 5G auf der eSIM deaktivieren und auf 4G\/LTE umschalten.<\/li>\n<\/ul>\n<h2>I. Was muss vor der Installation einer eSIM vorbereitet werden?<\/h2>\n<ol>\n<li>Ein <b>eSIM-kompatibles<\/b> und <b>netzbetreiberunabh\u00e4ngiges<\/b> Ger\u00e4t. Sehen Sie sich unsere <a href=\"https:\/\/vietnamesim.com\/de\/esim-kompatible-geraete\/\">aktuelle Liste eSIM-kompatibler Ger\u00e4te<\/a> an.<\/li>\n<li>Eine stabile <b>WLAN-Verbindung<\/b><\/li>\n<li><b>eSIM-Daten<\/b> vom eSIM-Anbieter (<b>QR-Code<\/b>, <b>SM-DP+-Adresse<\/b> und <b>Aktivierungscode<\/b>)<\/li>\n<\/ol>\n<h2>II. Wie viele M\u00f6glichkeiten gibt es, eine eSIM zu installieren?<\/h2>\n<p>Es gibt<b> zwei g\u00e4ngige Methoden zur Installation einer eSIM<\/b>, unabh\u00e4ngig von der Marke und dem Modell Ihres Telefons:<\/p>\n<ul>\n<li><b>Methode 1:<\/b> Verwenden Sie einen QR-Code<\/li>\n<li><b>Methode 2:<\/b> Geben Sie die eSIM-Informationen manuell ein<\/li>\n<\/ul>\n<p>In der Regel ist <b>das Scannen eines QR-Codes die einfachste und schnellste Methode<\/b> und daher die Standardeinstellung. Nur wenn Sie den QR-Code nicht scannen k\u00f6nnen, m\u00fcssen Sie die Informationen manuell eingeben.Zwar ist der allgemeine <b>Installationsprozess f\u00fcr eSIMs bei verschiedenen Ger\u00e4temarken \u00e4hnlich<\/b>, doch k\u00f6nnen der genaue Wortlaut, die Reihenfolge und die Anordnung der Schritte je nach Modell und Betriebssystemversion variieren.<br \/>\nDiese Anleitung beschreibt den Installationsprozess f\u00fcr eSIMs bei <b>iOS-Ger\u00e4ten<\/b> (wie iPhones) und <b>Android-Ger\u00e4ten<\/b> (wie Samsung- und Google Pixel-Smartphones). Wenn Sie ein Smartphone einer anderen Marke besitzen, k\u00f6nnen Sie einen \u00e4hnlichen Vorgang befolgen.<br \/>\nLassen Sie uns nun erfahren, wie man eSIMs je nach Ger\u00e4t installiert.<\/p>\n<h3><strong>Hinweise vor der eSIM-Installation:<\/strong><\/h3>\n<ul>\n<li>Wenn Ihr iPhone mit einer <b>iOS-Version \u00e4lter als iOS 16<\/b> l\u00e4uft, sollten Sie den QR-Code ausdrucken oder auf einem anderen Ger\u00e4t bereithalten. Sie m\u00fcssen ihn w\u00e4hrend des Installationsvorgangs scannen.<\/li>\n<li>Wenn Ihr iPhone mit <b>iOS 17<\/b> l\u00e4uft, m\u00fcssen Sie lediglich das Foto des QR-Codes herunterladen und zum Scannen hochladen.<\/li>\n<li>Notieren Sie sich im Voraus die <b>SM-DP+-Adresse<\/b> und den <b>Aktivierungscode<\/b>. Diese Informationen sind f\u00fcr die manuelle Einrichtung unerl\u00e4sslich, falls Sie Probleme beim Scannen des QR-Codes haben sollten.<\/li>\n<\/ul>\n<h2>III. So installieren und aktivieren Sie eine eSIM auf dem iPhone<\/h2>\n<p>Zun\u00e4chst m\u00fcssen Sie sicherstellen, dass Ihr iPhone f\u00fcr die Nutzung einer eSIM freigeschaltet ist. Erfahren Sie <a href=\"https:\/\/support.apple.com\/en-vn\/106343\" target=\"_blank\" rel=\"noopener\">hier, wie Sie die Modellnummer Ihres iPhones finden<\/a>. Diese Anleitung wurde auf einem iPhone mit iOS 16 erstellt.<\/p>\n<h3>1. Schritte zur Installation und Aktivierung der eSIM auf dem iPhone:<\/h3>\n<ul>\n<li>Gehen Sie zu <b>Einstellungen<\/b> &gt; <b>Mobilfunk<\/b> oder <b>Mobil<\/b> (je nach Ger\u00e4temodell und iOS-Version)<\/li>\n<li>W\u00e4hlen Sie <b>Mobilfunkvertrag hinzuf\u00fcgen<\/b> \/ <b>eSIM hinzuf\u00fcgen<\/b> (je nach iOS-Version)<\/li>\n<li>Scannen Sie den vorbereiteten QR-Code &gt; Tippen Sie auf die Schaltfl\u00e4che \u201eMobilfunkvertrag hinzuf\u00fcgen\u201c, um die Installation zu best\u00e4tigen<\/li>\n<li>Wenn Sie den QR-Code nicht scannen k\u00f6nnen, w\u00e4hlen Sie <b>\u201eDetails manuell eingeben\u201c<\/b> und geben Sie die SM-DP+-Adresse und den Aktivierungscode ein<\/li>\n<\/ul>\n<p>Nun k\u00f6nnen Sie weitere Schritte zur Konfiguration Ihrer eSIM durchf\u00fchren, z. B. Ihre eSIM benennen oder eine Standardleitung einrichten.<\/p>\n<figure>\n\t\t\t\t\t\t\t\t\t\t<img decoding=\"async\" width=\"550\" height=\"1080\" src=\"https:\/\/vietnamesim.com\/wp-content\/uploads\/2024\/08\/activate-esim-iphone-earlier-ios-17-qr-code.gif\" alt=\"steps to install esim on iPhone iOS 16 using QR code\" loading=\"lazy\" \/><figcaption>Schritte zur Installation einer eSIM auf einem iPhone mit iOS 16 mithilfe eines QR-Codes<\/figcaption><\/figure>\n<h4><strong>Benennen Sie Ihre eSIM:<\/strong><\/h4>\n<ul>\n<li>Gehen Sie zu <b>Einstellungen<\/b> &gt; <b>Mobilfunk<\/b> oder <b>Mobil<\/b> &gt; w\u00e4hlen Sie die verf\u00fcgbare Bezeichnung aus (z. B. \u201eZweitnummer\u201c, \u201eGesch\u00e4ft\u201c, \u201eReisen\u201c usw.)<\/li>\n<li>W\u00e4hlen Sie <b>Bezeichnung des Mobilfunktarifs<\/b> &gt; benennen Sie die eSIM mit der gew\u00fcnschten Bezeichnung (z. B. \u201eVietnam eSIM\u201c) &gt; <b>Fertig<\/b><\/li>\n<\/ul>\n<figure>\n\t\t\t\t\t\t\t\t\t\t<img decoding=\"async\" width=\"550\" height=\"1080\" src=\"https:\/\/vietnamesim.com\/wp-content\/uploads\/2024\/08\/label-your-esim-plans-iphone.gif\" alt=\"Steps to label eSIM on iPhone\" loading=\"lazy\" \/><figcaption>Schritte zum Einlesen einer eSIM auf dem iPhone<\/figcaption><\/figure>\n<h4><strong>Standardanschl\u00fcsse festlegen: mobile Daten, iMessage, FaceTime<\/strong><\/h4>\n<p>Wenn Ihr Telefon \u00fcber zwei Anschl\u00fcsse verf\u00fcgt (entweder eine physische SIM-Karte und eine eSIM oder zwei eSIMs), k\u00f6nnen Sie festlegen, welcher Anschluss f\u00fcr Anrufe\/SMS und welcher f\u00fcr mobile Daten (3G\/4G\/5G) verwendet werden soll:<\/p>\n<ul>\n<li>Gehen Sie zu <b>Einstellungen<\/b> &gt; <b>Mobilfunk<\/b> &gt; <b>Mobilfunkdaten<\/b><\/li>\n<li><b>W\u00e4hlen Sie die Leitung<\/b>, die Sie f\u00fcr mobile Daten verwenden m\u00f6chten<\/li>\n<li>Zur\u00fcck zu <b>Einstellungen<\/b> &gt; <b>Mobilfunk<\/b> &gt; w\u00e4hlen Sie die Leitung, die Sie f\u00fcr <b>iMessage<\/b> oder <b>FaceTime<\/b> verwenden m\u00f6chten &gt; <b>Weiter<\/b><\/li>\n<\/ul>\n<p>Nun haben Sie die eSIM erfolgreich auf dem iPhone installiert.<\/p>\n<figure>\n\t\t\t\t\t\t\t\t\t\t<img decoding=\"async\" width=\"550\" height=\"1080\" src=\"https:\/\/vietnamesim.com\/wp-content\/uploads\/2024\/08\/set-default-line-imessage-facetime.gif\" alt=\"Steps to set default lines for eSIM on iPhone - iMessage, Facetime\" loading=\"lazy\" \/><figcaption>Schritte zum Festlegen der Standardverbindungen f\u00fcr die eSIM auf dem iPhone \u2013 iMessage, FaceTime<\/figcaption><\/figure>\n<h3><strong>2. Schritte zur Aktivierung der eSIM auf dem iPhone f\u00fcr den Datenzugang<\/strong><\/h3>\n<p>Wenn Sie eine Reise-eSIM f\u00fcr Vietnam nutzen, m\u00fcssen Sie diese nach Ihrer Ankunft in Vietnam aktivieren, um w\u00e4hrend Ihrer gesamten Reise mobiles Internet nutzen zu k\u00f6nnen.<\/p>\n<ul>\n<li>Gehen Sie zu <b>Einstellungen <\/b>&gt; <b>Mobilfunk<\/b><\/li>\n<li><b>W\u00e4hlen Sie die eSIM<\/b> aus, die Sie f\u00fcr mobile Daten nutzen m\u00f6chten &gt; aktivieren Sie <b>Diese Leitung einschalten<\/b> und <b>Datenroaming<\/b><\/li>\n<li>Jetzt k\u00f6nnen Sie mobile Daten in Vietnam nutzen<\/li>\n<li><b>Spezifische Schritte f\u00fcr die Vietnam-eSIM \u2013 Aktivierung der Gigago-eSIM<\/b>: Gehen Sie zu <b>Nachrichten <\/b>&gt; wechseln Sie Ihre Telefonnummer auf Ihre eSIM-Leitung und senden Sie eine SMS gem\u00e4\u00df den Anweisungen, um den Datentarif zu aktivieren.<\/li>\n<\/ul>\n<figure>\n\t\t\t\t\t\t\t\t\t\t<img decoding=\"async\" width=\"550\" height=\"1080\" src=\"https:\/\/vietnamesim.com\/wp-content\/uploads\/2024\/08\/iphone-accessdata.gif\" alt=\"Steps to activate eSIM to access data for eSIM on iPhone\" loading=\"lazy\" \/><figcaption>Schritte zur Aktivierung der eSIM f\u00fcr den Datenzugang auf dem iPhone<\/figcaption><\/figure>\n<h4>Was tun, wenn Sie auf dem iPhone keinen Internetzugang erhalten:<\/h4>\n<p>Wenn Sie keine Verbindung zum Internet herstellen k\u00f6nnen, passen Sie bitte den APN (Access Point Name) Ihres Telefons an:<\/p>\n<ul>\n<li>Gehen Sie zu <b>Einstellungen &gt; Mobilfunk<\/b> oder <b>Mobile Daten<\/b> (je nach Ger\u00e4t)<\/li>\n<li>W\u00e4hlen Sie die eSIM-Leitung aus, bei der \u201eDiese Leitung aktivieren\u201c und \u201eDatenroaming\u201c aktiviert sind<\/li>\n<li>Tippen Sie auf <b>Mobilfunknetz<\/b> oder <b>Mobile Daten<\/b> (je nach Ger\u00e4t)<\/li>\n<li><b>Geben Sie den APN <\/b>ein, den Ihr eSIM-Anbieter Ihnen mitgeteilt hat, in alle APN-Felder (<i>Mobilfunkdaten<\/i> und <i>Pers\u00f6nlicher Hotspot f\u00fcr Gigago Vietnam eSIM)<\/i>, oder einen anderen Wert, wenn Sie eine eSIM eines anderen Anbieters verwenden; die \u00fcbrigen Felder bleiben leer.<\/li>\n<\/ul>\n<p>Nun k\u00f6nnen Sie das Internet in Vietnam genie\u00dfen.<\/p>\n<h2>IV. So installieren und aktivieren Sie eine eSIM auf Samsung-Smartphones<\/h2>\n<p>Diese Anleitung wurde am Samsung Galaxy S20 erstellt. Die Formulierungen und die Anordnung der Men\u00fcpunkte k\u00f6nnen je nach Modell variieren, der allgemeine Ablauf ist jedoch derselbe. Erfahren Sie, <a href=\"https:\/\/www.samsung.com\/uk\/support\/mobile-devices\/how-to-find-the-model-and-serial-number-of-my-product\/\" target=\"_blank\" rel=\"noopener\">wie Sie die Modell- und Seriennummer Ihres Samsung-Produkts finden<\/a>.<\/p>\n<h3>1. Schritte zur Installation einer eSIM auf einem Samsung-Ger\u00e4t<\/h3>\n<ul>\n<li>Gehen Sie zu <b>Einstellungen <\/b>&gt;<b> Verbindungen &gt; SIM-Karten-Manager<\/b><\/li>\n<li>W\u00e4hlen Sie <b>Mobilfunkvertrag hinzuf\u00fcgen<\/b> &gt; warten Sie, bis die Suche nach Vertr\u00e4gen abgeschlossen ist<\/li>\n<li>Wenn die Seite <b>Keine Vertr\u00e4ge<\/b> angezeigt wird, w\u00e4hlen Sie im Popup-Fenster \u201eOK\u201c &gt; w\u00e4hlen Sie <b>QR-Code des Anbieters scannen<\/b><\/li>\n<li>Halten Sie den QR-Code in den Kamerabereich des Telefons, um ihn zu scannen.<\/li>\n<li>Wenn Sie den Code nicht scannen k\u00f6nnen, w\u00e4hlen Sie unten auf der Seite \u201e<b>Code eingeben<\/b>\u201c<\/li>\n<li>Geben Sie die Informationen ein, die in der E-Mail Ihres eSIM-Anbieters angegeben sind: <b>SM-DP+-Adresse<\/b> und <b>Aktivierungscode<\/b>. Die Informationen sehen wie folgt aus: LPA:1$RtP-0026.OBARTHAR.NET$PJ2HV-UABNN-SPKQE-GHKFZ.<\/li>\n<\/ul>\n<p><b><em>\u25ba Hinweis:<\/em><\/b><em> In einigen F\u00e4llen w\u00e4hlen Sie die Option \u201e\u00dcber QR-Code hinzuf\u00fcgen\u201c, sehen aber dennoch die Zeile \u201eAktivierungscode\u201c auf Ihrem Scan-Bildschirm. Tippen Sie darauf und geben Sie dann den Aktivierungscode ein.<\/em><\/p>\n<ul>\n<li>Nachdem der eSIM-Tarif erkannt wurde, w\u00e4hlen Sie <b>Best\u00e4tigen<\/b> oder <b>Hinzuf\u00fcgen<\/b><\/li>\n<li>W\u00e4hlen Sie <b>OK<\/b>, um den Tarif zu aktivieren (wenn Sie die eSIM sofort nutzen m\u00f6chten, sobald Sie in Vietnam sind), oder <b>Abbrechen<\/b> (wenn Sie den eSIM-Tarif nicht sofort nutzen m\u00f6chten oder sich zu diesem Zeitpunkt nicht in Vietnam befinden)<\/li>\n<\/ul>\n<figure>\n\t\t\t\t\t\t\t\t\t\t<img decoding=\"async\" width=\"550\" height=\"1080\" src=\"https:\/\/vietnamesim.com\/wp-content\/uploads\/2024\/08\/activate-esim-samsung-qr-code.gif\" alt=\"Steps to install eSIM on Samsung phones using QR code\" loading=\"lazy\" \/><figcaption>Schritte zur Installation einer eSIM auf Samsung-Handys mithilfe eines QR-Codes<\/figcaption><\/figure>\n<h3>2. Schritte zur Aktivierung der eSIM auf Samsung-Ger\u00e4ten f\u00fcr die Nutzung mobiler Daten<\/h3>\n<p>Wenn Sie Ihre Reise-eSIM nutzen m\u00f6chten, m\u00fcssen Sie diese aktivieren:<\/p>\n<ul>\n<li>Gehen Sie zu <b>Einstellungen<\/b> &gt; <b>Verbindungen<\/b> &gt; <b>SIM-Karten-Manager<\/b><\/li>\n<\/ul>\n<ul>\n<li>W\u00e4hlen Sie Ihre eSIM-Leitung aus, schalten Sie sie ein und w\u00e4hlen Sie Ihre eSIM als \u201eMobile Daten\u201c aus.<\/li>\n<li>Gehen Sie zur\u00fcck zu <b>Verbindungen<\/b> &gt; <b>Mobilfunknetze<\/b>, um Datenroaming zu aktivieren.<\/li>\n<li><b>Spezifische Schritte zur Aktivierung der Vietnam-eSIM<\/b>: Gehen Sie zu \u201eNachrichten\u201c, wechseln Sie Ihre Telefonnummer auf Ihre eSIM und senden Sie eine SMS gem\u00e4\u00df der Anleitung, um den Datentarif zu aktivieren (gilt nur f\u00fcr die Gigago Vietnam Reise-eSIM)<\/li>\n<\/ul>\n<figure>\n\t\t\t\t\t\t\t\t\t\t<img decoding=\"async\" width=\"550\" height=\"1080\" src=\"https:\/\/vietnamesim.com\/wp-content\/uploads\/2024\/08\/access-data-activate-esim-samsung.gif\" alt=\"Steps to activate eSIM on Samsung for mobile data usage in Vietnam\" loading=\"lazy\" \/><figcaption>Schritte zur Aktivierung der eSIM auf Samsung-Ger\u00e4ten f\u00fcr die Nutzung mobiler Daten in Vietnam<\/figcaption><\/figure>\n<h4>Was tun, wenn Sie auf Ihrem Samsung-Ger\u00e4t keinen Internetzugang haben:<\/h4>\n<p>Falls Sie keinen Internetzugang haben, richten Sie bitte Ihren APN (Access Point Name) wie folgt ein:<\/p>\n<ul>\n<li>Gehen Sie zu <b>Einstellungen<\/b> &gt;&gt; <b>Verbindungen<\/b> &gt;&gt; <b>Mobilfunknetze<\/b><\/li>\n<li>Tippen Sie auf <b>Zugangspunkte<\/b> &gt;&gt; Tippen Sie auf <b>Hinzuf\u00fcgen<\/b><\/li>\n<li>W\u00e4hlen Sie das APN-Feld aus und geben Sie den APN des Mobilfunkanbieters ein, z. B. <b>m9-itelecom<\/b> (f\u00fcr die Vietnam-eSIM von Vietnamesim.com)<\/li>\n<\/ul>\n<p>Das ist alles, was Sie tun m\u00fcssen, um Ihre Reise-eSIM auf Ihrem Samsung-Handy zu aktivieren.<\/p>\n<h2>V. So installieren und aktivieren Sie die eSIM auf dem Google Pixel<\/h2>\n<p>Die eSIM-Funktion ist auf dem Pixel 3 und neueren Modellen aktiviert. Erfahren Sie <a href=\"https:\/\/support.google.com\/pixelphone\/answer\/10402530?hl=en&amp;sjid=6546588293631471000-AP\" target=\"_blank\" rel=\"noopener\">hier, wie Sie die Modellnummer Ihres Pixel-Smartphones ermitteln<\/a>. Um einen reibungslosen Ablauf der eSIM-Installation zu gew\u00e4hrleisten, sollten Sie au\u00dferdem auf die neueste Android-Version aktualisieren.<\/p>\n<h3>1. Schritte zur Installation einer eSIM auf Google Pixel-Smartphones<\/h3>\n<ul>\n<li>Gehen Sie zu <b>Einstellungen<\/b> &gt; Tippen Sie auf <b>Netzwerk &amp; Internet<\/b><\/li>\n<li>Tippen Sie auf das Symbol \u201e+\u201c neben \u201e<b>Mobilfunknetz<\/b>\u201c oder \u201e<b>SIM-Karten<\/b>\u201c<\/li>\n<li>W\u00e4hlen Sie stattdessen <b>SIM herunterladen<\/b> &gt; Weiter<\/li>\n<li>Scannen Sie den QR-Code<\/li>\n<\/ul>\n<p><b><i>Hinweis<\/i><\/b>: Wenn Sie Ihren eSIM-Tarif umbenennen m\u00f6chten, w\u00e4hlen Sie bitte die SIM-Karte aus und tippen Sie oben rechts auf das Stiftsymbol, um die Informationen zu bearbeiten.<\/p>\n<figure>\n\t\t\t\t\t\t\t\t\t\t<img decoding=\"async\" width=\"550\" height=\"1080\" src=\"https:\/\/vietnamesim.com\/wp-content\/uploads\/2024\/08\/activate-esim-google-pixel-qr-code.gif\" alt=\"Steps to install eSIM on Google Pixel using QR code\" loading=\"lazy\" \/><figcaption>Steps to install eSIM on Google Pixel using QR code<\/figcaption><\/figure>\n<h3>2. Schritte zur Aktivierung der eSIM auf dem Pixel f\u00fcr den mobilen Datenzugang<\/h3>\n<ul>\n<li>Gehen Sie zu <b>Einstellungen<\/b> &gt; Tippen Sie auf <b>Netzwerk &amp; Internet<\/b><\/li>\n<li>Tippen Sie auf den Reiter <b>SIM-Karten<\/b>, um die Liste der auf Ihrem Telefon verf\u00fcgbaren SIM-Karten anzuzeigen<\/li>\n<li>W\u00e4hlen Sie die eSIM aus, die Sie verwenden m\u00f6chten, und aktivieren Sie sie<\/li>\n<li>Aktivieren Sie die <b>Mobilfunkdaten<\/b> und das <b>Roaming<\/b> Ihrer eSIM<\/li>\n<li><b>Spezifische Schritte zur Aktivierung der Vietnam-eSIM<\/b>: Gehen Sie zu <b>Nachrichten<\/b>, wechseln Sie zur Gigago Vietnam eSIM-Telefonnummer (falls Sie eine physische SIM-Karte in Ihrem Telefon haben) und senden Sie eine SMS, um Ihren eSIM-Tarif zu aktivieren (gilt nur f\u00fcr eSIMs von Vietnamesim.com \u2013 Gigago).<\/li>\n<\/ul>\n<figure>\n\t\t\t\t\t\t\t\t\t\t<img decoding=\"async\" width=\"550\" height=\"1080\" src=\"https:\/\/vietnamesim.com\/wp-content\/uploads\/2024\/08\/access-data-esim-use-google-pixel.gif\" alt=\"Steps to activate eSIM to access data for eSIM on Google Pixel\" loading=\"lazy\" \/><figcaption>Schritte zur Aktivierung der eSIM auf Samsung-Ger\u00e4ten f\u00fcr die mobile Datennutzung in VietnamSchritte zur Aktivierung der eSIM f\u00fcr den Datenzugang auf Google Pixel<\/figcaption><\/figure>\n<h4>Was tun, wenn Sie auf Pixel-Smartphones in Vietnam keine Internetverbindung herstellen k\u00f6nnen:<\/h4>\n<p>Wenn Sie keinen Zugang zum Internet haben, m\u00fcssen Sie Ihren APN (Access Point Name) konfigurieren.<\/p>\n<ul>\n<li>Gehen Sie zu <b>Einstellungen<\/b> &gt; <b>Netzwerk &amp; Internet<\/b> &gt; <b>SIM-Karten<\/b><\/li>\n<li>Aktivieren Sie Ihre eSIM, falls sie deaktiviert ist, scrollen Sie nach unten und w\u00e4hlen Sie <b>APN-Einstellungen<\/b><\/li>\n<li>Tippen Sie auf <b>Hinzuf\u00fcgen<\/b>, w\u00e4hlen Sie das APN-Feld aus und geben Sie den angegebenen APN ein. Die anderen Felder k\u00f6nnen leer bleiben.<\/li>\n<\/ul>\n<p>Wir haben ausf\u00fchrliche Anleitungen zur Installation und Aktivierung von eSIMs auf iPhone, Samsung und Google Pixel bereitgestellt. Wenn Sie Fragen haben, k\u00f6nnen Sie sich gerne per <b>Chat<\/b> oder <b>Hotline\/WhatsApp<\/b> an uns wenden: <a href=\"https:\/\/wa.me\/message\/ZS7PQZOCVAB4O1\" target=\"_blank\" rel=\"noopener\">+1 657-571-1199 <\/a>oder per <b>E-Mail<\/b> an hello@gigago.vn.<\/p>\n","protected":false},"excerpt":{"rendered":"<p>Erfahren Sie, wie Sie die eSIM in Vietnam f\u00fcr iPhone-, Samsung- und Google Pixel-Ger\u00e4te aktivieren k\u00f6nnen. Sie m\u00fcssen lediglich einen QR-Code oder einen Aktivierungscode bereithalten, den Sie von Ihrem eSIM-Anbieter erhalten haben, und schon ist alles in 3\u20135 Minuten erledigt. Nach dem Kauf Ihrer eSIM erhalten Sie eine E-Mail von Ihrem eSIM-Anbieter, die Informationen zum [&#8230;]\n","protected":false},"author":4,"featured_media":122999,"parent":0,"menu_order":0,"comment_status":"closed","ping_status":"closed","template":"","meta":{"_acf_changed":false,"inline_featured_image":false,"footnotes":""},"class_list":["post-123623","page","type-page","status-publish","has-post-thumbnail","hentry"],"acf":[],"_links":{"self":[{"href":"https:\/\/vietnamesim.com\/de\/wp-json\/wp\/v2\/pages\/123623","targetHints":{"allow":["GET"]}}],"collection":[{"href":"https:\/\/vietnamesim.com\/de\/wp-json\/wp\/v2\/pages"}],"about":[{"href":"https:\/\/vietnamesim.com\/de\/wp-json\/wp\/v2\/types\/page"}],"author":[{"embeddable":true,"href":"https:\/\/vietnamesim.com\/de\/wp-json\/wp\/v2\/users\/4"}],"replies":[{"embeddable":true,"href":"https:\/\/vietnamesim.com\/de\/wp-json\/wp\/v2\/comments?post=123623"}],"version-history":[{"count":0,"href":"https:\/\/vietnamesim.com\/de\/wp-json\/wp\/v2\/pages\/123623\/revisions"}],"wp:featuredmedia":[{"embeddable":true,"href":"https:\/\/vietnamesim.com\/de\/wp-json\/wp\/v2\/media\/122999"}],"wp:attachment":[{"href":"https:\/\/vietnamesim.com\/de\/wp-json\/wp\/v2\/media?parent=123623"}],"curies":[{"name":"wp","href":"https:\/\/api.w.org\/{rel}","templated":true}]}}