{"id":123621,"date":"2023-03-15T17:14:47","date_gmt":"2023-03-15T10:14:47","guid":{"rendered":"https:\/\/vietnamesim.com\/leitfaden-zum-kauf-und-zur-bezahlung-von-gigago-vietnam-esim\/"},"modified":"2026-04-14T10:43:46","modified_gmt":"2026-04-14T03:43:46","slug":"zahlungsrichtlinie","status":"publish","type":"page","link":"https:\/\/vietnamesim.com\/de\/zahlungsrichtlinie\/","title":{"rendered":"Leitfaden zum Kauf und zur Bezahlung von Gigago Vietnam eSIM"},"content":{"rendered":"\n<h2 class=\"wp-block-heading\"><strong>1. So kaufen Sie eine Gigago-eSIM<\/strong><\/h2>\n\n\n\n<p>Sie k\u00f6nnen die eSIM im GIGAGO-B\u00fcro in der 23. Etage des TASCO-Geb\u00e4udes in Pham Hung, Nam Tu Liem, Hanoi, erwerben.<\/p>\n\n\n\n<p>Alternatively, for your convenience, you can purchase the eSIM directly online at GIGAGO.VN in three simple steps below:<\/p>\n\n\n\n<p>\u25baSchritt 1: Besuchen Sie <a href=\"https:\/\/vietnamesim.com\/de\/\">https:\/\/vietnamesim.com\/de\/<\/a> und w\u00e4hlen Sie das Land aus, in dem Sie eine eSIM kaufen m\u00f6chten.<\/p>\n\n\n\n<p>\u25baSchritt 2: W\u00e4hlen Sie den passenden eSIM-Typ aus und klicken Sie auf \u201eIn den Warenkorb\u201c.<\/p>\n\n\n\n<p>\u25baSchritt 3: F\u00fchren Sie die Zahlung durch und Sie erhalten den eSIM-QR-Code per E-Mail zusammen mit einer ausf\u00fchrlichen Installationsanleitung.<\/p>\n\n\n\n<h2 class=\"wp-block-heading\"><strong>2. Zahlungsrichtlinien<\/strong><\/h2>\n\n\n\n<p>Sie k\u00f6nnen die Zahlung direkt im GIGAGO-B\u00fcro oder online auf das folgende Bankkonto vornehmen:<\/p>\n\n\n\n<ul class=\"wp-block-list\">\n<li>Kontonummer: 22210005195476<\/li>\n\n\n\n<li>Kontoinhaber: CONG TY CO PHAN CONG NGHE DU LICH GIGAGO<\/li>\n\n\n\n<li>Bank: Bank f\u00fcr Investitionen und Entwicklung Vietnams (BIDV) \u2013 Filiale Thanh Xuan.<\/li>\n<\/ul>\n","protected":false},"excerpt":{"rendered":"<p>1. So kaufen Sie eine Gigago-eSIM Sie k\u00f6nnen die eSIM im GIGAGO-B\u00fcro in der 23. Etage des TASCO-Geb\u00e4udes in Pham Hung, Nam Tu Liem, Hanoi, erwerben. Alternatively, for your convenience, you can purchase the eSIM directly online at GIGAGO.VN in three simple steps below: \u25baSchritt 1: Besuchen Sie https:\/\/vietnamesim.com\/de\/ und w\u00e4hlen Sie das Land aus, [&#8230;]\n","protected":false},"author":4,"featured_media":0,"parent":0,"menu_order":0,"comment_status":"closed","ping_status":"closed","template":"","meta":{"_acf_changed":false,"inline_featured_image":false,"footnotes":""},"class_list":["post-123621","page","type-page","status-publish","hentry"],"acf":[],"_links":{"self":[{"href":"https:\/\/vietnamesim.com\/de\/wp-json\/wp\/v2\/pages\/123621","targetHints":{"allow":["GET"]}}],"collection":[{"href":"https:\/\/vietnamesim.com\/de\/wp-json\/wp\/v2\/pages"}],"about":[{"href":"https:\/\/vietnamesim.com\/de\/wp-json\/wp\/v2\/types\/page"}],"author":[{"embeddable":true,"href":"https:\/\/vietnamesim.com\/de\/wp-json\/wp\/v2\/users\/4"}],"replies":[{"embeddable":true,"href":"https:\/\/vietnamesim.com\/de\/wp-json\/wp\/v2\/comments?post=123621"}],"version-history":[{"count":1,"href":"https:\/\/vietnamesim.com\/de\/wp-json\/wp\/v2\/pages\/123621\/revisions"}],"predecessor-version":[{"id":125051,"href":"https:\/\/vietnamesim.com\/de\/wp-json\/wp\/v2\/pages\/123621\/revisions\/125051"}],"wp:attachment":[{"href":"https:\/\/vietnamesim.com\/de\/wp-json\/wp\/v2\/media?parent=123621"}],"curies":[{"name":"wp","href":"https:\/\/api.w.org\/{rel}","templated":true}]}}