{"id":123616,"date":"2022-09-12T02:54:57","date_gmt":"2022-09-11T19:54:57","guid":{"rendered":"https:\/\/vietnamesim.com\/gigago-nutzungsbedingungen\/"},"modified":"2026-04-01T17:41:14","modified_gmt":"2026-04-01T10:41:14","slug":"nutzungsbedingungen","status":"publish","type":"page","link":"https:\/\/vietnamesim.com\/de\/nutzungsbedingungen\/","title":{"rendered":"GIGAGO Nutzungsbedingungen"},"content":{"rendered":"\n<p>Diese <a href=\"https:\/\/vietnamesim.com\/de\/nutzungsbedingungen\/\">Allgemeinen Gesch\u00e4ftsbedingungen<\/a> legen die Bedingungen fest, unter denen Gigago Vietnam eSIM den Kunden angeboten wird. Mit dem Kauf einer Gigago eSIM f\u00fcr Vietnam erkl\u00e4ren Sie sich damit einverstanden, dass diese Allgemeinen Gesch\u00e4ftsbedingungen einen Vertrag zwischen Ihnen \u2013 unserem Kunden \u2013 und Gigago (im Folgenden als \u201ewir\u201c, \u201euns\u201c oder \u201edas Unternehmen\u201c bezeichnet) begr\u00fcnden.<\/p>\n\n<p><strong>Bevor Sie auf die Schaltfl\u00e4che \u201eZur Kasse\u201c oder \u201ePayPal\u201c klicken, lesen Sie bitte die nachstehenden Allgemeinen Gesch\u00e4ftsbedingungen sorgf\u00e4ltig durch.<\/strong><\/p>\n\n<h2 class=\"wp-block-heading\"><strong>1. Art der Dienstleistung<\/strong><\/h2>\n\n<p><a href=\"https:\/\/vietnamesim.com\/de\/\">Gigago<\/a> bietet eSIM-Profile f\u00fcr Vietnam (die \u201eeSIM\u201c) f\u00fcr Reisende an, die einen Besuch in Vietnam planen und vor Ort in Verbindung bleiben m\u00f6chten.<\/p>\n\n<p>Die eSIM wird in Form eines QR-Codes bereitgestellt, nicht als physische SIM-Karte, und funktioniert nur auf bestimmten Ger\u00e4ten, die <a href=\"https:\/\/vietnamesim.com\/de\/esim-kompatible-smartphones-und-unterstuetzte-geraete-aktualisierte-liste\/\">hier<\/a> eindeutig aufgef\u00fchrt sind.<\/p>\n\n<h2 class=\"wp-block-heading\"><strong>2. Preise<\/strong><\/h2>\n\n<p>Wir bieten folgende 6 <a href=\"https:\/\/vietnamesim.com\/de\/shop\/\">Mobilfunk-Datentarife f\u00fcr Vietnam<\/a> in Form einer eSIM an:<\/p>\n\n<ul class=\"wp-block-list\">\n<li>7 GB f\u00fcr 8 Tage: 10 US-Dollar;<\/li>\n\n\n\n<li>10 GB f\u00fcr 16 Tage, 12 US-Dollar;<\/li>\n\n\n\n<li>15 GB f\u00fcr 30 Tage, 15 US-Dollar<\/li>\n\n\n\n<li>4 GB\/Tag mit KOSTENLOSEN Anrufen* f\u00fcr 30 Tage: 19 US-Dollar;<\/li>\n\n\n\n<li>4 GB pro Tag in den ersten 3 Monaten und danach 2 GB pro Tag mit KOSTENLOSEN Anrufen* f\u00fcr 6 Monate: 59 US-Dollar;<\/li>\n\n\n\n<li>4 GB pro Tag in den ersten 3 Monaten und danach 2 GB pro Tag mit KOSTENLOSEN Anrufen* f\u00fcr 1 Jahr: 89 US-Dollar.<\/li>\n<\/ul>\n\t\t<div data-elementor-type=\"section\" data-elementor-id=\"19742\" class=\"elementor elementor-19742\">\n\t\t\t\t\t\t\t\t<section class=\"elementor-section elementor-top-section elementor-element elementor-element-618bf1b elementor-section-boxed elementor-section-height-default elementor-section-height-default\" data-id=\"618bf1b\" data-element_type=\"section\">\n\t\t\t\t\t\t<div class=\"elementor-container elementor-column-gap-default\">\n\t\t\t\t\t<div class=\"elementor-column elementor-col-100 elementor-top-column elementor-element elementor-element-bf894d9\" data-id=\"bf894d9\" data-element_type=\"column\">\n\t\t\t<div class=\"elementor-widget-wrap\">\n\t\t\t\t\t\t\t\t\t<\/div>\n\t\t<\/div>\n\t\t\t\t\t\t\t<\/div>\n\t\t<\/section>\n\t\t\t\t\t\t<\/div>\n\t\t\n\n<p>Diese Geb\u00fchren sind auf unserer Website ver\u00f6ffentlicht und k\u00f6nnen nach vorheriger Ank\u00fcndigung von Zeit zu Zeit ge\u00e4ndert werden.<\/p>\n\n<p>Mit unseren 06-Tarifen k\u00f6nnen Sie innerhalb eines bestimmten Zeitraums ein bestimmtes Datenvolumen nutzen. Dar\u00fcber hinaus beinhalten unsere Tarife vietnamesische Telefonnummern, \u00fcber die Sie Anrufe und SMS empfangen k\u00f6nnen. Eine \u00dcberschreitung des Datenvolumens ist nicht m\u00f6glich. Das bedeutet, dass Ihnen niemals zus\u00e4tzliche Kosten f\u00fcr Daten in Rechnung gestellt werden. Es bedeutet auch, dass Sie \u00fcber unsere eSIM-Telefonnummer keine Anrufe t\u00e4tigen und keine SMS versenden d\u00fcrfen.<\/p>\n\n<p>Sobald das Datenvolumen aufgebraucht ist oder das Ablaufdatum erreicht ist, k\u00f6nnen Sie diese Tarife nicht mehr nutzen.<\/p>\n\n<h2 class=\"wp-block-heading\"><b>3. <\/b><a href=\"https:\/\/vietnamesim.com\/de\/zahlungsrichtlinie\/\"><b>Zahlung<\/b><\/a><\/h2>\n\n<p>Wir akzeptieren Zahlungen per PayPal und Kreditkarte und \u00fcbernehmen keine Verantwortung f\u00fcr etwaige Bankgeb\u00fchren (sofern anfallen), die im Zusammenhang mit Ihrer Zahlung f\u00fcr unsere eSIMs entstehen.<\/p>\n\n<p>Im Falle einer Beanstandung einer Rechnung hat der Kunde GIGAGO sp\u00e4testens 7 Tage vor F\u00e4lligkeit der beanstandeten Rechnung eine schriftliche Erkl\u00e4rung zu \u00fcbermitteln, in der alle beanstandeten Posten aufgef\u00fchrt sind und zu jedem beanstandeten Posten eine hinreichend detaillierte Beschreibung gegeben wird.<\/p>\n\n<p>Betr\u00e4ge, die nicht bestritten sind oder durch ein rechtskr\u00e4ftiges Gerichtsurteil best\u00e4tigt wurden, gelten als anerkannt und sind ungeachtet etwaiger Streitigkeiten \u00fcber andere Posten innerhalb von 7 Tagen zu begleichen. GIGAGO ist bestrebt, alle derartigen Streitigkeiten z\u00fcgig und nach Treu und Glauben beizulegen.<\/p>\n\n<h2 class=\"wp-block-heading\"><b>5. <\/b><a href=\"https:\/\/vietnamesim.com\/de\/stornierungs-rueckerstattungsrichtlinie\/\"><b>Stornierung und R\u00fcckerstattung<\/b><\/a><\/h2>\n\n<p>Sollten Sie Ihre Bestellung aus irgendeinem Grund stornieren m\u00fcssen, k\u00f6nnen Sie dies ohne Strafgeb\u00fchr tun, solange die Zahlung noch nicht erfolgt ist oder Ihr eSIM-QR-Code noch nicht zugestellt wurde.<\/p>\n\n<p>Sobald Ihnen der QR-Code f\u00fcr Ihre eSIM zugestellt wurde, k\u00f6nnen Sie Ihre Bestellung nicht mehr stornieren. Eine R\u00fcckerstattung ist nur m\u00f6glich, wenn unsere eSIM einen Fehler aufweist, der unserem Support-Team gemeldet wurde, aber von diesem nicht behoben werden kann.<\/p>\n\n<p>Falls Sie die E-Mail mit der eSIM nicht in Ihrem Hauptpostfach finden, \u00fcberpr\u00fcfen Sie bitte Ihren Spam-Ordner oder den Ordner \u201eWerbung\u201c oder wenden Sie sich an uns, damit wir Ihnen helfen k\u00f6nnen. Wenn Sie dies nicht tun, haben Sie keinen Anspruch auf R\u00fcckerstattung.<\/p>\n\n<p>Da der eSIM-QR-Code nach dem Kauf 30 Tage lang g\u00fcltig ist, sollte er innerhalb dieser 30 Tage aktiviert werden. Andernfalls erfolgt keine R\u00fcckerstattung, falls Sie die eSIM nicht nutzen k\u00f6nnen.<\/p>\n\n<p>Die R\u00fcckerstattung erfolgt auf demselben Weg, wie die Zahlung beim Kauf get\u00e4tigt wurde (z. B. \u00fcber PayPal). Der R\u00fcckerstattungsprozess kann bis zu 10 Werktage dauern.<\/p>\n\n<h2 class=\"wp-block-heading\"><strong>6. Gesamte Vereinbarung<\/strong><\/h2>\n\n<p>Diese Vereinbarung bildet zusammen mit der Datenschutzerkl\u00e4rung die gesamte Vereinbarung zwischen Ihnen und <a href=\"https:\/\/vietnamesim.com\/de\/\">Vietnamesim.com<\/a> und ersetzt alle fr\u00fcheren Vereinbarungen, Erkl\u00e4rungen oder Zusicherungen in Bezug auf Gigago.vn. Das Vers\u00e4umnis, eine Bestimmung dieser Vereinbarung durchzusetzen, gilt nicht als Verzicht auf diese Bestimmung oder auf das Recht, diese Bestimmung durchzusetzen.<\/p>\n\n<p>Verzichtserkl\u00e4rungen, Erg\u00e4nzungen oder sonstige \u00c4nderungen Ihrerseits sind nur dann g\u00fcltig und verbindlich, wenn sie schriftlich erfolgen und von beiden Parteien unterzeichnet werden. Diese Vereinbarung unterliegt vietnamesischem Recht.<\/p>\n\n<h2 class=\"wp-block-heading\"><strong>7. Kontakt<\/strong><\/h2>\n\n<p>Sollten Sie Fragen zu unseren Allgemeinen Gesch\u00e4ftsbedingungen haben, <a href=\"https:\/\/vietnamesim.com\/de\/kontakt\/\">kontaktieren Sie uns<\/a> bitte \u00fcber <b>WhatsApp <\/b>unter <a href=\"https:\/\/wa.me\/message\/ZS7PQZOCVAB4O1\" target=\"_blank\" rel=\"noopener\"><b>+84876836168<\/b><\/a> oder per E-Mail an <a href=\"mailto:hello@gigago.vn\">hello@gigago.vn<\/a>.<\/p>\n\n<p>Sie k\u00f6nnen uns auch per Post oder pers\u00f6nlich erreichen unter:<\/p>\n\n<ul class=\"wp-block-list\">\n<li><b>Vietnam:<\/b> 23. Stock, TASCO-Geb\u00e4ude, Pham-Hung-Stra\u00dfe, Stadtteil Me Tri, Bezirk Tu Liem, Hanoi, Vietnam.<\/li>\n\n\n\n<li><b>Hongkong:<\/b> Einheit 205, Einheit C, 2. Stock, Kwong On Bank Mongkok Branch Building, Nathan Road 728\u2013730, Mong Kok, Hongkong<\/li>\n<\/ul>\n","protected":false},"excerpt":{"rendered":"<p>Diese Allgemeinen Gesch\u00e4ftsbedingungen legen die Bedingungen fest, unter denen Gigago Vietnam eSIM den Kunden angeboten wird. Mit dem Kauf einer Gigago eSIM f\u00fcr Vietnam erkl\u00e4ren Sie sich damit einverstanden, dass diese Allgemeinen Gesch\u00e4ftsbedingungen einen Vertrag zwischen Ihnen \u2013 unserem Kunden \u2013 und Gigago (im Folgenden als \u201ewir\u201c, \u201euns\u201c oder \u201edas Unternehmen\u201c bezeichnet) begr\u00fcnden. Bevor Sie [&#8230;]\n","protected":false},"author":4,"featured_media":0,"parent":0,"menu_order":0,"comment_status":"closed","ping_status":"closed","template":"","meta":{"_acf_changed":false,"inline_featured_image":false,"footnotes":""},"class_list":["post-123616","page","type-page","status-publish","hentry"],"acf":[],"_links":{"self":[{"href":"https:\/\/vietnamesim.com\/de\/wp-json\/wp\/v2\/pages\/123616","targetHints":{"allow":["GET"]}}],"collection":[{"href":"https:\/\/vietnamesim.com\/de\/wp-json\/wp\/v2\/pages"}],"about":[{"href":"https:\/\/vietnamesim.com\/de\/wp-json\/wp\/v2\/types\/page"}],"author":[{"embeddable":true,"href":"https:\/\/vietnamesim.com\/de\/wp-json\/wp\/v2\/users\/4"}],"replies":[{"embeddable":true,"href":"https:\/\/vietnamesim.com\/de\/wp-json\/wp\/v2\/comments?post=123616"}],"version-history":[{"count":0,"href":"https:\/\/vietnamesim.com\/de\/wp-json\/wp\/v2\/pages\/123616\/revisions"}],"wp:attachment":[{"href":"https:\/\/vietnamesim.com\/de\/wp-json\/wp\/v2\/media?parent=123616"}],"curies":[{"name":"wp","href":"https:\/\/api.w.org\/{rel}","templated":true}]}}