{"id":123611,"date":"2023-03-15T17:25:07","date_gmt":"2023-03-15T10:25:07","guid":{"rendered":"https:\/\/vietnamesim.com\/lieferbedingungen-fuer-gigago-esim\/"},"modified":"2026-04-01T17:39:25","modified_gmt":"2026-04-01T10:39:25","slug":"lieferungsrichtlinie","status":"publish","type":"page","link":"https:\/\/vietnamesim.com\/de\/lieferungsrichtlinie\/","title":{"rendered":"Lieferbedingungen f\u00fcr Gigago eSIM"},"content":{"rendered":"\n<p>Bei den eSIMs von GIGAGO senden wir Ihnen die eSIM innerhalb von maximal 15 Minuten an Ihre registrierte E-Mail-Adresse, sobald Sie Ihre Bestellung bei uns abgeschlossen und die Zahlung erfolgreich durchgef\u00fchrt haben (ausgenommen sind die Tarife Giga180 und Giga365, bei denen die Erstellung des QR-Codes bis zu 4 Arbeitsstunden dauern kann).<\/p>\n\n<p>Sollte es zu Verz\u00f6gerungen bei der Lieferung oder der Erbringung der Dienstleistung kommen, wird GIGAGO Sie umgehend dar\u00fcber informieren und Ihnen die M\u00f6glichkeit geben, den Vertrag zu k\u00fcndigen, falls Sie dies w\u00fcnschen.<\/p>\n\n<p>Da die eSIM per E-Mail versendet wird, geben Sie bitte die richtige E-Mail-Adresse an, damit Sie sie rechtzeitig erhalten. Sollten Sie innerhalb von 15 Minuten nach Ihrer Zahlung keine E-Mail von GIGAGO erhalten haben, wenden Sie sich bitte per E-Mail an unseren Kundensupport unter <a href=\"mailto:hello@gigago.vn\">hello@gigago.vn<\/a> oder \u00fcber die Hotline\/WhatsApp\/Zalo unter <b>+84876836168<\/b>, um umgehend Hilfe zu erhalten.<\/p>\n","protected":false},"excerpt":{"rendered":"<p>Bei den eSIMs von GIGAGO senden wir Ihnen die eSIM innerhalb von maximal 15 Minuten an Ihre registrierte E-Mail-Adresse, sobald Sie Ihre Bestellung bei uns abgeschlossen und die Zahlung erfolgreich durchgef\u00fchrt haben (ausgenommen sind die Tarife Giga180 und Giga365, bei denen die Erstellung des QR-Codes bis zu 4 Arbeitsstunden dauern kann). Sollte es zu Verz\u00f6gerungen [&#8230;]\n","protected":false},"author":4,"featured_media":0,"parent":0,"menu_order":0,"comment_status":"closed","ping_status":"closed","template":"","meta":{"_acf_changed":false,"inline_featured_image":false,"footnotes":""},"class_list":["post-123611","page","type-page","status-publish","hentry"],"acf":[],"_links":{"self":[{"href":"https:\/\/vietnamesim.com\/de\/wp-json\/wp\/v2\/pages\/123611","targetHints":{"allow":["GET"]}}],"collection":[{"href":"https:\/\/vietnamesim.com\/de\/wp-json\/wp\/v2\/pages"}],"about":[{"href":"https:\/\/vietnamesim.com\/de\/wp-json\/wp\/v2\/types\/page"}],"author":[{"embeddable":true,"href":"https:\/\/vietnamesim.com\/de\/wp-json\/wp\/v2\/users\/4"}],"replies":[{"embeddable":true,"href":"https:\/\/vietnamesim.com\/de\/wp-json\/wp\/v2\/comments?post=123611"}],"version-history":[{"count":0,"href":"https:\/\/vietnamesim.com\/de\/wp-json\/wp\/v2\/pages\/123611\/revisions"}],"wp:attachment":[{"href":"https:\/\/vietnamesim.com\/de\/wp-json\/wp\/v2\/media?parent=123611"}],"curies":[{"name":"wp","href":"https:\/\/api.w.org\/{rel}","templated":true}]}}